{"id":385,"date":"2021-09-28T18:30:32","date_gmt":"2021-09-28T18:30:32","guid":{"rendered":"https:\/\/lascrucestoday.com\/lax967\/?page_id=385"},"modified":"2021-09-28T18:30:32","modified_gmt":"2021-09-28T18:30:32","slug":"dias-de-dinero","status":"publish","type":"page","link":"https:\/\/lascrucestoday.com\/lax967\/dias-de-dinero\/","title":{"rendered":"Dias De Dinero"},"content":{"rendered":"<p>Estamos regalando $ 96 todos los viernes solo por escuchar con la \u00fanica estaci\u00f3n en espa\u00f1ol de Las Cruces. Escuche todos los d\u00edas para tener la oportunidad de participar para ganar en l\u00ednea.<\/p>\n<div class=\"wpforms-container wpforms-container-full\" id=\"wpforms-384\"><form id=\"wpforms-form-384\" class=\"wpforms-validate wpforms-form wpforms-ajax-form\" data-formid=\"384\" method=\"post\" enctype=\"multipart\/form-data\" action=\"\/lax967\/wp-json\/wp\/v2\/pages\/385\" data-token=\"1b424837279e741a9c160c52b3cfe3c9\"><noscript class=\"wpforms-error-noscript\">Por favor, activa JavaScript en tu navegador para completar este formulario.<\/noscript><div class=\"wpforms-field-container\"><div id=\"wpforms-384-field_0-container\" class=\"wpforms-field wpforms-field-name\" data-field-id=\"0\"><label class=\"wpforms-field-label\" for=\"wpforms-384-field_0\">Name <span class=\"wpforms-required-label\">*<\/span><\/label><div class=\"wpforms-field-row wpforms-field-medium\"><div class=\"wpforms-field-row-block wpforms-first wpforms-one-half\"><input type=\"text\" id=\"wpforms-384-field_0\" class=\"wpforms-field-name-first wpforms-field-required\" name=\"wpforms[fields][0][first]\" required><label for=\"wpforms-384-field_0\" class=\"wpforms-field-sublabel after \">Nombre<\/label><\/div><div class=\"wpforms-field-row-block wpforms-one-half\"><input type=\"text\" id=\"wpforms-384-field_0-last\" class=\"wpforms-field-name-last wpforms-field-required\" name=\"wpforms[fields][0][last]\" required><label for=\"wpforms-384-field_0-last\" class=\"wpforms-field-sublabel after \">Apellidos<\/label><\/div><\/div><\/div><div id=\"wpforms-384-field_1-container\" class=\"wpforms-field wpforms-field-email\" data-field-id=\"1\"><label class=\"wpforms-field-label\" for=\"wpforms-384-field_1\">Email <span class=\"wpforms-required-label\">*<\/span><\/label><input type=\"email\" id=\"wpforms-384-field_1\" class=\"wpforms-field-medium wpforms-field-required\" name=\"wpforms[fields][1]\" spellcheck=\"false\" required><\/div><div id=\"wpforms-384-field_3-container\" class=\"wpforms-field wpforms-field-number\" data-field-id=\"3\"><label class=\"wpforms-field-label\" for=\"wpforms-384-field_3\">N\u00famero de Telephono <span class=\"wpforms-required-label\">*<\/span><\/label><input type=\"number\" pattern=\"\\d*\" id=\"wpforms-384-field_3\" class=\"wpforms-field-medium wpforms-field-required\" name=\"wpforms[fields][3]\" required><\/div><div id=\"wpforms-384-field_8-container\" class=\"wpforms-field wpforms-field-text\" data-field-id=\"8\"><label class=\"wpforms-field-label\" for=\"wpforms-384-field_8\">Direcci\u00f3n  <span class=\"wpforms-required-label\">*<\/span><\/label><input type=\"text\" id=\"wpforms-384-field_8\" class=\"wpforms-field-medium wpforms-field-required\" name=\"wpforms[fields][8]\" required><\/div><div id=\"wpforms-384-field_7-container\" class=\"wpforms-field wpforms-field-textarea\" data-field-id=\"7\"><label class=\"wpforms-field-label\" for=\"wpforms-384-field_7\">\u00bfCu\u00e1les son sus Artistas favoritos? <span class=\"wpforms-required-label\">*<\/span><\/label><textarea id=\"wpforms-384-field_7\" class=\"wpforms-field-medium wpforms-field-required\" name=\"wpforms[fields][7]\" required><\/textarea><\/div><\/div><!-- .wpforms-field-container --><div class=\"wpforms-submit-container\" ><input type=\"hidden\" name=\"wpforms[id]\" value=\"384\"><input type=\"hidden\" name=\"wpforms[author]\" value=\"2\"><button type=\"submit\" name=\"wpforms[submit]\" id=\"wpforms-submit-384\" class=\"wpforms-submit\" data-alt-text=\"Sending...\" data-submit-text=\"Submit\" aria-live=\"assertive\" value=\"wpforms-submit\">Submit<\/button><img decoding=\"async\" src=\"https:\/\/lascrucestoday.com\/lax967\/wp-content\/plugins\/wpforms-lite\/assets\/images\/submit-spin.svg\" class=\"wpforms-submit-spinner\" style=\"display: none;\" width=\"26\" height=\"26\" alt=\"Cargando\"><\/div><\/form><\/div>  <!-- .wpforms-container -->\n","protected":false},"excerpt":{"rendered":"<p>Estamos regalando $ 96 todos los viernes solo por escuchar con la \u00fanica estaci\u00f3n en espa\u00f1ol de Las Cruces. Escuche todos los d\u00edas para tener la oportunidad de participar para ganar en l\u00ednea.<span class=\"more-link\"><a href=\"https:\/\/lascrucestoday.com\/lax967\/dias-de-dinero\/\">Read More &rarr;<\/a><\/span><\/p>\n","protected":false},"author":2,"featured_media":386,"parent":0,"menu_order":0,"comment_status":"closed","ping_status":"closed","template":"","meta":{"footnotes":""},"yoast_head":"<!-- This site is optimized with the Yoast SEO plugin v22.1 - https:\/\/yoast.com\/wordpress\/plugins\/seo\/ -->\n<title>Dias De Dinero - La Equis 96.7<\/title>\n<meta name=\"description\" content=\"Dias De Dinero\" \/>\n<meta name=\"robots\" content=\"index, follow, max-snippet:-1, max-image-preview:large, max-video-preview:-1\" \/>\n<link rel=\"canonical\" href=\"https:\/\/lascrucestoday.com\/lax967\/dias-de-dinero\/\" \/>\n<meta property=\"og:locale\" content=\"es_MX\" \/>\n<meta property=\"og:type\" content=\"article\" \/>\n<meta property=\"og:title\" content=\"Dias De Dinero - La Equis 96.7\" \/>\n<meta property=\"og:description\" content=\"Dias De Dinero\" \/>\n<meta property=\"og:url\" content=\"https:\/\/lascrucestoday.com\/lax967\/dias-de-dinero\/\" \/>\n<meta property=\"og:site_name\" content=\"La Equis 96.7\" \/>\n<meta property=\"article:publisher\" content=\"https:\/\/www.facebook.com\/laequis92.7\" \/>\n<meta property=\"og:image\" content=\"https:\/\/lascrucestoday.com\/lax967\/wp-content\/uploads\/sites\/5\/2021\/09\/dollars-499481_640.jpg\" \/>\n\t<meta property=\"og:image:width\" content=\"640\" \/>\n\t<meta property=\"og:image:height\" content=\"452\" \/>\n\t<meta property=\"og:image:type\" content=\"image\/jpeg\" \/>\n<meta name=\"twitter:card\" content=\"summary_large_image\" \/>\n<meta name=\"twitter:label1\" content=\"Tiempo de lectura\" \/>\n\t<meta name=\"twitter:data1\" content=\"1 minuto\" \/>\n<script type=\"application\/ld+json\" class=\"yoast-schema-graph\">{\"@context\":\"https:\/\/schema.org\",\"@graph\":[{\"@type\":\"WebPage\",\"@id\":\"https:\/\/lascrucestoday.com\/lax967\/dias-de-dinero\/\",\"url\":\"https:\/\/lascrucestoday.com\/lax967\/dias-de-dinero\/\",\"name\":\"Dias De Dinero - La Equis 96.7\",\"isPartOf\":{\"@id\":\"https:\/\/lascrucestoday.com\/lax967\/#website\"},\"datePublished\":\"2021-09-28T18:30:32+00:00\",\"dateModified\":\"2021-09-28T18:30:32+00:00\",\"description\":\"Dias De Dinero\",\"breadcrumb\":{\"@id\":\"https:\/\/lascrucestoday.com\/lax967\/dias-de-dinero\/#breadcrumb\"},\"inLanguage\":\"es-MX\",\"potentialAction\":[{\"@type\":\"ReadAction\",\"target\":[\"https:\/\/lascrucestoday.com\/lax967\/dias-de-dinero\/\"]}]},{\"@type\":\"BreadcrumbList\",\"@id\":\"https:\/\/lascrucestoday.com\/lax967\/dias-de-dinero\/#breadcrumb\",\"itemListElement\":[{\"@type\":\"ListItem\",\"position\":1,\"name\":\"Home\",\"item\":\"https:\/\/lascrucestoday.com\/lax967\/\"},{\"@type\":\"ListItem\",\"position\":2,\"name\":\"Dias De Dinero\"}]},{\"@type\":\"WebSite\",\"@id\":\"https:\/\/lascrucestoday.com\/lax967\/#website\",\"url\":\"https:\/\/lascrucestoday.com\/lax967\/\",\"name\":\"La Equis 96.7\",\"description\":\"De Las Cruces, Para Las Cruces\",\"publisher\":{\"@id\":\"https:\/\/lascrucestoday.com\/lax967\/#organization\"},\"potentialAction\":[{\"@type\":\"SearchAction\",\"target\":{\"@type\":\"EntryPoint\",\"urlTemplate\":\"https:\/\/lascrucestoday.com\/lax967\/?s={search_term_string}\"},\"query-input\":\"required name=search_term_string\"}],\"inLanguage\":\"es-MX\"},{\"@type\":\"Organization\",\"@id\":\"https:\/\/lascrucestoday.com\/lax967\/#organization\",\"name\":\"La Equis 92.7\",\"url\":\"https:\/\/lascrucestoday.com\/lax967\/\",\"logo\":{\"@type\":\"ImageObject\",\"inLanguage\":\"es-MX\",\"@id\":\"https:\/\/lascrucestoday.com\/lax967\/#\/schema\/logo\/image\/\",\"url\":\"https:\/\/lascrucestoday.com\/lax967\/wp-content\/uploads\/sites\/5\/2020\/01\/69552126_690263988157620_6841055056171630592_n.png\",\"contentUrl\":\"https:\/\/lascrucestoday.com\/lax967\/wp-content\/uploads\/sites\/5\/2020\/01\/69552126_690263988157620_6841055056171630592_n.png\",\"width\":960,\"height\":960,\"caption\":\"La Equis 92.7\"},\"image\":{\"@id\":\"https:\/\/lascrucestoday.com\/lax967\/#\/schema\/logo\/image\/\"},\"sameAs\":[\"https:\/\/www.facebook.com\/laequis92.7\"]}]}<\/script>\n<!-- \/ Yoast SEO plugin. -->","yoast_head_json":{"title":"Dias De Dinero - La Equis 96.7","description":"Dias De Dinero","robots":{"index":"index","follow":"follow","max-snippet":"max-snippet:-1","max-image-preview":"max-image-preview:large","max-video-preview":"max-video-preview:-1"},"canonical":"https:\/\/lascrucestoday.com\/lax967\/dias-de-dinero\/","og_locale":"es_MX","og_type":"article","og_title":"Dias De Dinero - La Equis 96.7","og_description":"Dias De Dinero","og_url":"https:\/\/lascrucestoday.com\/lax967\/dias-de-dinero\/","og_site_name":"La Equis 96.7","article_publisher":"https:\/\/www.facebook.com\/laequis92.7","og_image":[{"width":640,"height":452,"url":"https:\/\/lascrucestoday.com\/lax967\/wp-content\/uploads\/sites\/5\/2021\/09\/dollars-499481_640.jpg","type":"image\/jpeg"}],"twitter_card":"summary_large_image","twitter_misc":{"Tiempo de lectura":"1 minuto"},"schema":{"@context":"https:\/\/schema.org","@graph":[{"@type":"WebPage","@id":"https:\/\/lascrucestoday.com\/lax967\/dias-de-dinero\/","url":"https:\/\/lascrucestoday.com\/lax967\/dias-de-dinero\/","name":"Dias De Dinero - La Equis 96.7","isPartOf":{"@id":"https:\/\/lascrucestoday.com\/lax967\/#website"},"datePublished":"2021-09-28T18:30:32+00:00","dateModified":"2021-09-28T18:30:32+00:00","description":"Dias De Dinero","breadcrumb":{"@id":"https:\/\/lascrucestoday.com\/lax967\/dias-de-dinero\/#breadcrumb"},"inLanguage":"es-MX","potentialAction":[{"@type":"ReadAction","target":["https:\/\/lascrucestoday.com\/lax967\/dias-de-dinero\/"]}]},{"@type":"BreadcrumbList","@id":"https:\/\/lascrucestoday.com\/lax967\/dias-de-dinero\/#breadcrumb","itemListElement":[{"@type":"ListItem","position":1,"name":"Home","item":"https:\/\/lascrucestoday.com\/lax967\/"},{"@type":"ListItem","position":2,"name":"Dias De Dinero"}]},{"@type":"WebSite","@id":"https:\/\/lascrucestoday.com\/lax967\/#website","url":"https:\/\/lascrucestoday.com\/lax967\/","name":"La Equis 96.7","description":"De Las Cruces, Para Las Cruces","publisher":{"@id":"https:\/\/lascrucestoday.com\/lax967\/#organization"},"potentialAction":[{"@type":"SearchAction","target":{"@type":"EntryPoint","urlTemplate":"https:\/\/lascrucestoday.com\/lax967\/?s={search_term_string}"},"query-input":"required name=search_term_string"}],"inLanguage":"es-MX"},{"@type":"Organization","@id":"https:\/\/lascrucestoday.com\/lax967\/#organization","name":"La Equis 92.7","url":"https:\/\/lascrucestoday.com\/lax967\/","logo":{"@type":"ImageObject","inLanguage":"es-MX","@id":"https:\/\/lascrucestoday.com\/lax967\/#\/schema\/logo\/image\/","url":"https:\/\/lascrucestoday.com\/lax967\/wp-content\/uploads\/sites\/5\/2020\/01\/69552126_690263988157620_6841055056171630592_n.png","contentUrl":"https:\/\/lascrucestoday.com\/lax967\/wp-content\/uploads\/sites\/5\/2020\/01\/69552126_690263988157620_6841055056171630592_n.png","width":960,"height":960,"caption":"La Equis 92.7"},"image":{"@id":"https:\/\/lascrucestoday.com\/lax967\/#\/schema\/logo\/image\/"},"sameAs":["https:\/\/www.facebook.com\/laequis92.7"]}]}},"_links":{"self":[{"href":"https:\/\/lascrucestoday.com\/lax967\/wp-json\/wp\/v2\/pages\/385"}],"collection":[{"href":"https:\/\/lascrucestoday.com\/lax967\/wp-json\/wp\/v2\/pages"}],"about":[{"href":"https:\/\/lascrucestoday.com\/lax967\/wp-json\/wp\/v2\/types\/page"}],"author":[{"embeddable":true,"href":"https:\/\/lascrucestoday.com\/lax967\/wp-json\/wp\/v2\/users\/2"}],"replies":[{"embeddable":true,"href":"https:\/\/lascrucestoday.com\/lax967\/wp-json\/wp\/v2\/comments?post=385"}],"version-history":[{"count":1,"href":"https:\/\/lascrucestoday.com\/lax967\/wp-json\/wp\/v2\/pages\/385\/revisions"}],"predecessor-version":[{"id":387,"href":"https:\/\/lascrucestoday.com\/lax967\/wp-json\/wp\/v2\/pages\/385\/revisions\/387"}],"wp:featuredmedia":[{"embeddable":true,"href":"https:\/\/lascrucestoday.com\/lax967\/wp-json\/wp\/v2\/media\/386"}],"wp:attachment":[{"href":"https:\/\/lascrucestoday.com\/lax967\/wp-json\/wp\/v2\/media?parent=385"}],"curies":[{"name":"wp","href":"https:\/\/api.w.org\/{rel}","templated":true}]}}