{"id":507,"date":"2023-01-18T22:24:36","date_gmt":"2023-01-18T22:24:36","guid":{"rendered":"https:\/\/lascrucestoday.com\/lax967\/?page_id=507"},"modified":"2023-01-18T22:24:36","modified_gmt":"2023-01-18T22:24:36","slug":"el-paso-monster-jam","status":"publish","type":"page","link":"https:\/\/lascrucestoday.com\/lax967\/el-paso-monster-jam\/","title":{"rendered":"El Paso Monster Jam\u00ae"},"content":{"rendered":"<h3 style=\"text-align: center;\">El Paso Monster Jam\u00ae<\/h3>\n<h4 style=\"text-align: center;\"><em>Stadium Championship Series Blue Entradas a la venta ahora<\/em><\/h4>\n<p>&nbsp;<\/p>\n<p>El automovilismo familiar m\u00e1s emocionante y lleno de acci\u00f3n del mundo ruge en el UTEP Sun Bowl Stadium del 25 al 26 de Febrero.<\/p>\n<p>Monster Jam\u00ae es un deporte de motor repleto de acci\u00f3n con atletas de clase mundial enfrascados en intensas competencias de velocidad y habilidad. S\u00e9 testigo de acaloradas rivalidades, acrobacias de alto vuelo y feroces batallas cara a cara por el campeonato de eventos. Dise\u00f1ados a la perfecci\u00f3n, estos camiones monstruo de 12,000 libras, incluidos el legendario Grave Digger\u00ae, Max-DTM, Megalodon\u00ae y m\u00e1s, superan todos los l\u00edmites en las competencias de estilo libre, habilidades y carreras. Esta es una diversi\u00f3n familiar a toda velocidad. The Official Monster Truck SeriesTM solo en Monster Jam.<\/p>\n<p>&nbsp;<\/p>\n<p><strong>Pit Party:<\/strong><\/p>\n<p>La diversi\u00f3n comienza en Monster Jam\u00ae Pit Party, donde puede ver de cerca los enormes camiones, conocer a sus conductores y equipos favoritos, obtener aut\u00f3grafos, tomar fotograf\u00edas y disfrutar de muchas otras actividades para toda la familia. Esta experiencia \u00fanica es el \u00fanico lugar donde puedes tener acceso de cerca a los equipos de Monster Jam. Adem\u00e1s, obtenga una mirada desde adentro sobre c\u00f3mo se construyen estos camiones para hacer frente a la competencia. Esto. Es. Monster Jam.TM<\/p>\n<p>&nbsp;<\/p>\n<p><strong>Pase de acceso anticipado a Pit Party:<\/strong><\/p>\n<p>Disfruta de una hora extra exclusiva con el pase de acceso anticipado a Pit Party. Llegue una hora antes y evite las multitudes para tener m\u00e1s tiempo para ver los camiones y conocer a los conductores. Las cantidades de pases de acceso anticipado a Pit Party son limitadas. \u00a1No te lo pierdas!<\/p>\n<p>&nbsp;<\/p>\n<p><strong>CU\u00c1NDO:<\/strong> s\u00e1bado 25 de febrero de 2023<\/p>\n<p><strong>Hora del evento:<\/strong> 7:00 p. m.<br \/>\nPit Party abierto de 2:30 p. m. a 5:30 p. m. (se requiere un boleto para el evento del s\u00e1bado y un pase para el pit para ingresar)<\/p>\n<p><strong>CU\u00c1NDO: <\/strong>domingo, 26 de febrero de 2023<\/p>\n<p><strong>Hora del evento:<\/strong> 3:00 p. m.<\/p>\n<p>&nbsp;<\/p>\n<p><strong>D\u00d3NDE:<\/strong> Estadio UTEP Sun Bowl \u2013 2501 Sun Bowl Dr. El Paso, TX 79902<\/p>\n<p>&nbsp;<\/p>\n<p><strong>ENTRADAS:<\/strong> \u00a1Las entradas tienen un precio asequible para toda la familia!<\/p>\n<p>Las entradas y los Pit Pass estar\u00e1n disponibles para su compra en l\u00ednea en ticketmaster.com o en persona en la taquilla del lugar.<\/p>\n<p>*Los precios de los boletos est\u00e1n sujetos a cambios: se pueden aplicar cargos adicionales por lugar\/emisi\u00f3n de boletos<\/p>\n<p>&nbsp;<\/p>\n<p><strong>L\u00cdNEA DE CAMIONETAS:<\/strong> Son-uva Digger \u00ae conducida por Ryan Anderson; Zombie\u2122 conducido por Bari Musawwir; Estabilizador Lucas conducido por Cynthia Gauthier; Grave Digger\u00ae conducido por Tyler Menninga; Megalodon\u00ae conducido por Cory Rummell; Avenger conducido por Jim Koehler; Bad Company impulsada por John Gordon; Saigon Shaker conducido por Ryan Disharoon; m\u00e1s 4 camiones\/conductores TBA<\/p>\n<p>**La alineaci\u00f3n de camiones y conductores est\u00e1 sujeta a cambios<\/p>\n","protected":false},"excerpt":{"rendered":"<p>El Paso Monster Jam\u00ae Stadium Championship Series Blue Entradas a la venta ahora &nbsp; El automovilismo familiar m\u00e1s emocionante y lleno de acci\u00f3n del mundo ruge en el UTEP Sun Bowl Stadium del 25 al 26 de Febrero. Monster Jam\u00ae es un deporte de motor repleto de acci\u00f3n con atletas<span class=\"more-link\"><a href=\"https:\/\/lascrucestoday.com\/lax967\/el-paso-monster-jam\/\">Read More &rarr;<\/a><\/span><\/p>\n","protected":false},"author":5,"featured_media":508,"parent":0,"menu_order":0,"comment_status":"closed","ping_status":"closed","template":"","meta":{"footnotes":""},"yoast_head":"<!-- This site is optimized with the Yoast SEO plugin v22.1 - https:\/\/yoast.com\/wordpress\/plugins\/seo\/ -->\n<title>El Paso Monster Jam\u00ae - La Equis 96.7<\/title>\n<meta name=\"description\" content=\"El automovilismo familiar m\u00e1s emocionante y lleno de acci\u00f3n del mundo ruge en el UTEP Sun Bowl Stadium del 25 al 26 de Febrero.\" \/>\n<meta name=\"robots\" content=\"index, follow, max-snippet:-1, max-image-preview:large, max-video-preview:-1\" \/>\n<link rel=\"canonical\" href=\"https:\/\/lascrucestoday.com\/lax967\/el-paso-monster-jam\/\" \/>\n<meta property=\"og:locale\" content=\"es_MX\" \/>\n<meta property=\"og:type\" content=\"article\" \/>\n<meta property=\"og:title\" content=\"El Paso Monster Jam\u00ae - La Equis 96.7\" \/>\n<meta property=\"og:description\" content=\"El automovilismo familiar m\u00e1s emocionante y lleno de acci\u00f3n del mundo ruge en el UTEP Sun Bowl Stadium del 25 al 26 de Febrero.\" \/>\n<meta property=\"og:url\" content=\"https:\/\/lascrucestoday.com\/lax967\/el-paso-monster-jam\/\" \/>\n<meta property=\"og:site_name\" content=\"La Equis 96.7\" \/>\n<meta property=\"article:publisher\" content=\"https:\/\/www.facebook.com\/laequis92.7\" \/>\n<meta property=\"og:image\" content=\"https:\/\/lascrucestoday.com\/lax967\/wp-content\/uploads\/sites\/5\/2023\/01\/Monster-Jam-logo.png\" \/>\n\t<meta property=\"og:image:width\" content=\"462\" \/>\n\t<meta property=\"og:image:height\" content=\"352\" \/>\n\t<meta property=\"og:image:type\" content=\"image\/png\" \/>\n<meta name=\"twitter:card\" content=\"summary_large_image\" \/>\n<meta name=\"twitter:label1\" content=\"Tiempo de lectura\" \/>\n\t<meta name=\"twitter:data1\" content=\"3 minutos\" \/>\n<script type=\"application\/ld+json\" class=\"yoast-schema-graph\">{\"@context\":\"https:\/\/schema.org\",\"@graph\":[{\"@type\":\"WebPage\",\"@id\":\"https:\/\/lascrucestoday.com\/lax967\/el-paso-monster-jam\/\",\"url\":\"https:\/\/lascrucestoday.com\/lax967\/el-paso-monster-jam\/\",\"name\":\"El Paso Monster Jam\u00ae - La Equis 96.7\",\"isPartOf\":{\"@id\":\"https:\/\/lascrucestoday.com\/lax967\/#website\"},\"datePublished\":\"2023-01-18T22:24:36+00:00\",\"dateModified\":\"2023-01-18T22:24:36+00:00\",\"description\":\"El automovilismo familiar m\u00e1s emocionante y lleno de acci\u00f3n del mundo ruge en el UTEP Sun Bowl Stadium del 25 al 26 de Febrero.\",\"breadcrumb\":{\"@id\":\"https:\/\/lascrucestoday.com\/lax967\/el-paso-monster-jam\/#breadcrumb\"},\"inLanguage\":\"es-MX\",\"potentialAction\":[{\"@type\":\"ReadAction\",\"target\":[\"https:\/\/lascrucestoday.com\/lax967\/el-paso-monster-jam\/\"]}]},{\"@type\":\"BreadcrumbList\",\"@id\":\"https:\/\/lascrucestoday.com\/lax967\/el-paso-monster-jam\/#breadcrumb\",\"itemListElement\":[{\"@type\":\"ListItem\",\"position\":1,\"name\":\"Home\",\"item\":\"https:\/\/lascrucestoday.com\/lax967\/\"},{\"@type\":\"ListItem\",\"position\":2,\"name\":\"El Paso Monster Jam\u00ae\"}]},{\"@type\":\"WebSite\",\"@id\":\"https:\/\/lascrucestoday.com\/lax967\/#website\",\"url\":\"https:\/\/lascrucestoday.com\/lax967\/\",\"name\":\"La Equis 96.7\",\"description\":\"De Las Cruces, Para Las Cruces\",\"publisher\":{\"@id\":\"https:\/\/lascrucestoday.com\/lax967\/#organization\"},\"potentialAction\":[{\"@type\":\"SearchAction\",\"target\":{\"@type\":\"EntryPoint\",\"urlTemplate\":\"https:\/\/lascrucestoday.com\/lax967\/?s={search_term_string}\"},\"query-input\":\"required name=search_term_string\"}],\"inLanguage\":\"es-MX\"},{\"@type\":\"Organization\",\"@id\":\"https:\/\/lascrucestoday.com\/lax967\/#organization\",\"name\":\"La Equis 92.7\",\"url\":\"https:\/\/lascrucestoday.com\/lax967\/\",\"logo\":{\"@type\":\"ImageObject\",\"inLanguage\":\"es-MX\",\"@id\":\"https:\/\/lascrucestoday.com\/lax967\/#\/schema\/logo\/image\/\",\"url\":\"https:\/\/lascrucestoday.com\/lax967\/wp-content\/uploads\/sites\/5\/2020\/01\/69552126_690263988157620_6841055056171630592_n.png\",\"contentUrl\":\"https:\/\/lascrucestoday.com\/lax967\/wp-content\/uploads\/sites\/5\/2020\/01\/69552126_690263988157620_6841055056171630592_n.png\",\"width\":960,\"height\":960,\"caption\":\"La Equis 92.7\"},\"image\":{\"@id\":\"https:\/\/lascrucestoday.com\/lax967\/#\/schema\/logo\/image\/\"},\"sameAs\":[\"https:\/\/www.facebook.com\/laequis92.7\"]}]}<\/script>\n<!-- \/ Yoast SEO plugin. -->","yoast_head_json":{"title":"El Paso Monster Jam\u00ae - La Equis 96.7","description":"El automovilismo familiar m\u00e1s emocionante y lleno de acci\u00f3n del mundo ruge en el UTEP Sun Bowl Stadium del 25 al 26 de Febrero.","robots":{"index":"index","follow":"follow","max-snippet":"max-snippet:-1","max-image-preview":"max-image-preview:large","max-video-preview":"max-video-preview:-1"},"canonical":"https:\/\/lascrucestoday.com\/lax967\/el-paso-monster-jam\/","og_locale":"es_MX","og_type":"article","og_title":"El Paso Monster Jam\u00ae - La Equis 96.7","og_description":"El automovilismo familiar m\u00e1s emocionante y lleno de acci\u00f3n del mundo ruge en el UTEP Sun Bowl Stadium del 25 al 26 de Febrero.","og_url":"https:\/\/lascrucestoday.com\/lax967\/el-paso-monster-jam\/","og_site_name":"La Equis 96.7","article_publisher":"https:\/\/www.facebook.com\/laequis92.7","og_image":[{"width":462,"height":352,"url":"https:\/\/lascrucestoday.com\/lax967\/wp-content\/uploads\/sites\/5\/2023\/01\/Monster-Jam-logo.png","type":"image\/png"}],"twitter_card":"summary_large_image","twitter_misc":{"Tiempo de lectura":"3 minutos"},"schema":{"@context":"https:\/\/schema.org","@graph":[{"@type":"WebPage","@id":"https:\/\/lascrucestoday.com\/lax967\/el-paso-monster-jam\/","url":"https:\/\/lascrucestoday.com\/lax967\/el-paso-monster-jam\/","name":"El Paso Monster Jam\u00ae - La Equis 96.7","isPartOf":{"@id":"https:\/\/lascrucestoday.com\/lax967\/#website"},"datePublished":"2023-01-18T22:24:36+00:00","dateModified":"2023-01-18T22:24:36+00:00","description":"El automovilismo familiar m\u00e1s emocionante y lleno de acci\u00f3n del mundo ruge en el UTEP Sun Bowl Stadium del 25 al 26 de Febrero.","breadcrumb":{"@id":"https:\/\/lascrucestoday.com\/lax967\/el-paso-monster-jam\/#breadcrumb"},"inLanguage":"es-MX","potentialAction":[{"@type":"ReadAction","target":["https:\/\/lascrucestoday.com\/lax967\/el-paso-monster-jam\/"]}]},{"@type":"BreadcrumbList","@id":"https:\/\/lascrucestoday.com\/lax967\/el-paso-monster-jam\/#breadcrumb","itemListElement":[{"@type":"ListItem","position":1,"name":"Home","item":"https:\/\/lascrucestoday.com\/lax967\/"},{"@type":"ListItem","position":2,"name":"El Paso Monster Jam\u00ae"}]},{"@type":"WebSite","@id":"https:\/\/lascrucestoday.com\/lax967\/#website","url":"https:\/\/lascrucestoday.com\/lax967\/","name":"La Equis 96.7","description":"De Las Cruces, Para Las Cruces","publisher":{"@id":"https:\/\/lascrucestoday.com\/lax967\/#organization"},"potentialAction":[{"@type":"SearchAction","target":{"@type":"EntryPoint","urlTemplate":"https:\/\/lascrucestoday.com\/lax967\/?s={search_term_string}"},"query-input":"required name=search_term_string"}],"inLanguage":"es-MX"},{"@type":"Organization","@id":"https:\/\/lascrucestoday.com\/lax967\/#organization","name":"La Equis 92.7","url":"https:\/\/lascrucestoday.com\/lax967\/","logo":{"@type":"ImageObject","inLanguage":"es-MX","@id":"https:\/\/lascrucestoday.com\/lax967\/#\/schema\/logo\/image\/","url":"https:\/\/lascrucestoday.com\/lax967\/wp-content\/uploads\/sites\/5\/2020\/01\/69552126_690263988157620_6841055056171630592_n.png","contentUrl":"https:\/\/lascrucestoday.com\/lax967\/wp-content\/uploads\/sites\/5\/2020\/01\/69552126_690263988157620_6841055056171630592_n.png","width":960,"height":960,"caption":"La Equis 92.7"},"image":{"@id":"https:\/\/lascrucestoday.com\/lax967\/#\/schema\/logo\/image\/"},"sameAs":["https:\/\/www.facebook.com\/laequis92.7"]}]}},"_links":{"self":[{"href":"https:\/\/lascrucestoday.com\/lax967\/wp-json\/wp\/v2\/pages\/507"}],"collection":[{"href":"https:\/\/lascrucestoday.com\/lax967\/wp-json\/wp\/v2\/pages"}],"about":[{"href":"https:\/\/lascrucestoday.com\/lax967\/wp-json\/wp\/v2\/types\/page"}],"author":[{"embeddable":true,"href":"https:\/\/lascrucestoday.com\/lax967\/wp-json\/wp\/v2\/users\/5"}],"replies":[{"embeddable":true,"href":"https:\/\/lascrucestoday.com\/lax967\/wp-json\/wp\/v2\/comments?post=507"}],"version-history":[{"count":1,"href":"https:\/\/lascrucestoday.com\/lax967\/wp-json\/wp\/v2\/pages\/507\/revisions"}],"predecessor-version":[{"id":509,"href":"https:\/\/lascrucestoday.com\/lax967\/wp-json\/wp\/v2\/pages\/507\/revisions\/509"}],"wp:featuredmedia":[{"embeddable":true,"href":"https:\/\/lascrucestoday.com\/lax967\/wp-json\/wp\/v2\/media\/508"}],"wp:attachment":[{"href":"https:\/\/lascrucestoday.com\/lax967\/wp-json\/wp\/v2\/media?parent=507"}],"curies":[{"name":"wp","href":"https:\/\/api.w.org\/{rel}","templated":true}]}}