{"id":536,"date":"2023-03-27T16:47:43","date_gmt":"2023-03-27T16:47:43","guid":{"rendered":"https:\/\/lascrucestoday.com\/lax967\/?page_id=536"},"modified":"2023-04-14T17:16:26","modified_gmt":"2023-04-14T17:16:26","slug":"dias-de-dinero-2","status":"publish","type":"page","link":"https:\/\/lascrucestoday.com\/lax967\/dias-de-dinero-2\/","title":{"rendered":"Dias De Dinero"},"content":{"rendered":"<div><span style=\"font-family: Open Sans,sans-serif;\">Con Dias de Dinero tienes la oportunidad de ganar\u00a0 $96.7 CADA SEMANA! Busca la Van de La X por las calles de Las Cruces, vamos a ayudarte a ganar dinero! Tendras $96.7 dolares adicionales para gastarlos como tu quieras!<\/span><\/div>\n<div><\/div>\n<div><a href=\"https:\/\/lascrucestoday.com\/lax967\/reglas-del-concurso-de-estaciones\/\">Reglas del concurso de estacion<\/a>s<\/div>\n<div><\/div>\n<div><span style=\"font-family: Open Sans,sans-serif;\">REGISTRATE AQUI\u00a0\u00a0<\/span><\/div>\n<div><\/div>\n<div><div class=\"wpforms-container wpforms-container-full\" id=\"wpforms-384\"><form id=\"wpforms-form-384\" class=\"wpforms-validate wpforms-form wpforms-ajax-form\" data-formid=\"384\" method=\"post\" enctype=\"multipart\/form-data\" action=\"\/lax967\/wp-json\/wp\/v2\/pages\/536\" data-token=\"f967d0fee501e2f1782637273491c2eb\"><noscript class=\"wpforms-error-noscript\">Por favor, activa JavaScript en tu navegador para completar este formulario.<\/noscript><div class=\"wpforms-field-container\"><div id=\"wpforms-384-field_0-container\" class=\"wpforms-field wpforms-field-name\" data-field-id=\"0\"><label class=\"wpforms-field-label\" for=\"wpforms-384-field_0\">Name <span class=\"wpforms-required-label\">*<\/span><\/label><div class=\"wpforms-field-row wpforms-field-medium\"><div class=\"wpforms-field-row-block wpforms-first wpforms-one-half\"><input type=\"text\" id=\"wpforms-384-field_0\" class=\"wpforms-field-name-first wpforms-field-required\" name=\"wpforms[fields][0][first]\" required><label for=\"wpforms-384-field_0\" class=\"wpforms-field-sublabel after \">Nombre<\/label><\/div><div class=\"wpforms-field-row-block wpforms-one-half\"><input type=\"text\" id=\"wpforms-384-field_0-last\" class=\"wpforms-field-name-last wpforms-field-required\" name=\"wpforms[fields][0][last]\" required><label for=\"wpforms-384-field_0-last\" class=\"wpforms-field-sublabel after \">Apellidos<\/label><\/div><\/div><\/div><div id=\"wpforms-384-field_1-container\" class=\"wpforms-field wpforms-field-email\" data-field-id=\"1\"><label class=\"wpforms-field-label\" for=\"wpforms-384-field_1\">Email <span class=\"wpforms-required-label\">*<\/span><\/label><input type=\"email\" id=\"wpforms-384-field_1\" class=\"wpforms-field-medium wpforms-field-required\" name=\"wpforms[fields][1]\" spellcheck=\"false\" required><\/div><div id=\"wpforms-384-field_3-container\" class=\"wpforms-field wpforms-field-number\" data-field-id=\"3\"><label class=\"wpforms-field-label\" for=\"wpforms-384-field_3\">N\u00famero de Telephono <span class=\"wpforms-required-label\">*<\/span><\/label><input type=\"number\" pattern=\"\\d*\" id=\"wpforms-384-field_3\" class=\"wpforms-field-medium wpforms-field-required\" name=\"wpforms[fields][3]\" required><\/div><div id=\"wpforms-384-field_8-container\" class=\"wpforms-field wpforms-field-text\" data-field-id=\"8\"><label class=\"wpforms-field-label\" for=\"wpforms-384-field_8\">Direcci\u00f3n  <span class=\"wpforms-required-label\">*<\/span><\/label><input type=\"text\" id=\"wpforms-384-field_8\" class=\"wpforms-field-medium wpforms-field-required\" name=\"wpforms[fields][8]\" required><\/div><div id=\"wpforms-384-field_7-container\" class=\"wpforms-field wpforms-field-textarea\" data-field-id=\"7\"><label class=\"wpforms-field-label\" for=\"wpforms-384-field_7\">\u00bfCu\u00e1les son sus Artistas favoritos? <span class=\"wpforms-required-label\">*<\/span><\/label><textarea id=\"wpforms-384-field_7\" class=\"wpforms-field-medium wpforms-field-required\" name=\"wpforms[fields][7]\" required><\/textarea><\/div><\/div><!-- .wpforms-field-container --><div class=\"wpforms-submit-container\" ><input type=\"hidden\" name=\"wpforms[id]\" value=\"384\"><input type=\"hidden\" name=\"wpforms[author]\" value=\"2\"><button type=\"submit\" name=\"wpforms[submit]\" id=\"wpforms-submit-384\" class=\"wpforms-submit\" data-alt-text=\"Sending...\" data-submit-text=\"Submit\" aria-live=\"assertive\" value=\"wpforms-submit\">Submit<\/button><img decoding=\"async\" src=\"https:\/\/lascrucestoday.com\/lax967\/wp-content\/plugins\/wpforms-lite\/assets\/images\/submit-spin.svg\" class=\"wpforms-submit-spinner\" style=\"display: none;\" width=\"26\" height=\"26\" alt=\"Cargando\"><\/div><\/form><\/div>  <!-- .wpforms-container --><\/div>\n<div><\/div>\n<p><img data-dominant-color=\"dda966\" data-has-transparency=\"false\" style=\"--dominant-color: #dda966;\" fetchpriority=\"high\" decoding=\"async\" class=\"not-transparent aligncenter wp-image-537 size-large\" src=\"https:\/\/lascrucestoday.com\/lax967\/wp-content\/uploads\/sites\/5\/2023\/03\/Dias-de-Dinero-1024x410.png\" alt=\"\" width=\"1024\" height=\"410\" srcset=\"https:\/\/lascrucestoday.com\/lax967\/wp-content\/uploads\/sites\/5\/2023\/03\/Dias-de-Dinero-1024x410.png 1024w, https:\/\/lascrucestoday.com\/lax967\/wp-content\/uploads\/sites\/5\/2023\/03\/Dias-de-Dinero-300x120.png 300w, https:\/\/lascrucestoday.com\/lax967\/wp-content\/uploads\/sites\/5\/2023\/03\/Dias-de-Dinero-768x307.png 768w, https:\/\/lascrucestoday.com\/lax967\/wp-content\/uploads\/sites\/5\/2023\/03\/Dias-de-Dinero-1536x614.png 1536w, https:\/\/lascrucestoday.com\/lax967\/wp-content\/uploads\/sites\/5\/2023\/03\/Dias-de-Dinero-2048x819.png 2048w, https:\/\/lascrucestoday.com\/lax967\/wp-content\/uploads\/sites\/5\/2023\/03\/Dias-de-Dinero-465x186.png 465w, https:\/\/lascrucestoday.com\/lax967\/wp-content\/uploads\/sites\/5\/2023\/03\/Dias-de-Dinero-695x278.png 695w\" sizes=\"(max-width: 1024px) 100vw, 1024px\" \/><\/p>\n","protected":false},"excerpt":{"rendered":"<p>Con Dias de Dinero tienes la oportunidad de ganar\u00a0 $96.7 CADA SEMANA! Busca la Van de La X por las calles de Las Cruces, vamos a ayudarte a ganar dinero! Tendras $96.7 dolares adicionales para gastarlos como tu quieras! Reglas del concurso de estacions REGISTRATE AQUI\u00a0\u00a0<span class=\"more-link\"><a href=\"https:\/\/lascrucestoday.com\/lax967\/dias-de-dinero-2\/\">Read More &rarr;<\/a><\/span><\/p>\n","protected":false},"author":2,"featured_media":537,"parent":0,"menu_order":0,"comment_status":"closed","ping_status":"closed","template":"","meta":{"footnotes":""},"yoast_head":"<!-- This site is optimized with the Yoast SEO plugin v22.1 - https:\/\/yoast.com\/wordpress\/plugins\/seo\/ -->\n<title>Dias De Dinero - La Equis 96.7<\/title>\n<meta name=\"description\" content=\"Dias De \u00danase a La Equis 96.7 FM todos los d\u00edas de la semana esta primavera mientras ayudamos a las personas en Las Cruces llegar a fin de mes con algo de dinero extra. Los oyentes tendr\u00e1n la oportunidad de llamar y cu\u00e9ntenos sobre con qu\u00e9 necesitan ayuda, convirti\u00e9ndose en elegibles para recibir un efectivo semanal \u00a1premio!\" \/>\n<meta name=\"robots\" content=\"index, follow, max-snippet:-1, max-image-preview:large, max-video-preview:-1\" \/>\n<link rel=\"canonical\" href=\"https:\/\/lascrucestoday.com\/lax967\/dias-de-dinero-2\/\" \/>\n<meta property=\"og:locale\" content=\"es_MX\" \/>\n<meta property=\"og:type\" content=\"article\" \/>\n<meta property=\"og:title\" content=\"Dias De Dinero - La Equis 96.7\" \/>\n<meta property=\"og:description\" content=\"Dias De \u00danase a La Equis 96.7 FM todos los d\u00edas de la semana esta primavera mientras ayudamos a las personas en Las Cruces llegar a fin de mes con algo de dinero extra. Los oyentes tendr\u00e1n la oportunidad de llamar y cu\u00e9ntenos sobre con qu\u00e9 necesitan ayuda, convirti\u00e9ndose en elegibles para recibir un efectivo semanal \u00a1premio!\" \/>\n<meta property=\"og:url\" content=\"https:\/\/lascrucestoday.com\/lax967\/dias-de-dinero-2\/\" \/>\n<meta property=\"og:site_name\" content=\"La Equis 96.7\" \/>\n<meta property=\"article:publisher\" content=\"https:\/\/www.facebook.com\/laequis92.7\" \/>\n<meta property=\"article:modified_time\" content=\"2023-04-14T17:16:26+00:00\" \/>\n<meta property=\"og:image\" content=\"https:\/\/lascrucestoday.com\/lax967\/wp-content\/uploads\/sites\/5\/2023\/03\/Dias-de-Dinero.png\" \/>\n\t<meta property=\"og:image:width\" content=\"2700\" \/>\n\t<meta property=\"og:image:height\" content=\"1080\" \/>\n\t<meta property=\"og:image:type\" content=\"image\/png\" \/>\n<meta name=\"twitter:card\" content=\"summary_large_image\" \/>\n<meta name=\"twitter:label1\" content=\"Tiempo de lectura\" \/>\n\t<meta name=\"twitter:data1\" content=\"1 minuto\" \/>\n<script type=\"application\/ld+json\" class=\"yoast-schema-graph\">{\"@context\":\"https:\/\/schema.org\",\"@graph\":[{\"@type\":\"WebPage\",\"@id\":\"https:\/\/lascrucestoday.com\/lax967\/dias-de-dinero-2\/\",\"url\":\"https:\/\/lascrucestoday.com\/lax967\/dias-de-dinero-2\/\",\"name\":\"Dias De Dinero - La Equis 96.7\",\"isPartOf\":{\"@id\":\"https:\/\/lascrucestoday.com\/lax967\/#website\"},\"datePublished\":\"2023-03-27T16:47:43+00:00\",\"dateModified\":\"2023-04-14T17:16:26+00:00\",\"description\":\"Dias De \u00danase a La Equis 96.7 FM todos los d\u00edas de la semana esta primavera mientras ayudamos a las personas en Las Cruces llegar a fin de mes con algo de dinero extra. Los oyentes tendr\u00e1n la oportunidad de llamar y cu\u00e9ntenos sobre con qu\u00e9 necesitan ayuda, convirti\u00e9ndose en elegibles para recibir un efectivo semanal \u00a1premio!\",\"breadcrumb\":{\"@id\":\"https:\/\/lascrucestoday.com\/lax967\/dias-de-dinero-2\/#breadcrumb\"},\"inLanguage\":\"es-MX\",\"potentialAction\":[{\"@type\":\"ReadAction\",\"target\":[\"https:\/\/lascrucestoday.com\/lax967\/dias-de-dinero-2\/\"]}]},{\"@type\":\"BreadcrumbList\",\"@id\":\"https:\/\/lascrucestoday.com\/lax967\/dias-de-dinero-2\/#breadcrumb\",\"itemListElement\":[{\"@type\":\"ListItem\",\"position\":1,\"name\":\"Home\",\"item\":\"https:\/\/lascrucestoday.com\/lax967\/\"},{\"@type\":\"ListItem\",\"position\":2,\"name\":\"Dias De Dinero\"}]},{\"@type\":\"WebSite\",\"@id\":\"https:\/\/lascrucestoday.com\/lax967\/#website\",\"url\":\"https:\/\/lascrucestoday.com\/lax967\/\",\"name\":\"La Equis 96.7\",\"description\":\"De Las Cruces, Para Las Cruces\",\"publisher\":{\"@id\":\"https:\/\/lascrucestoday.com\/lax967\/#organization\"},\"potentialAction\":[{\"@type\":\"SearchAction\",\"target\":{\"@type\":\"EntryPoint\",\"urlTemplate\":\"https:\/\/lascrucestoday.com\/lax967\/?s={search_term_string}\"},\"query-input\":\"required name=search_term_string\"}],\"inLanguage\":\"es-MX\"},{\"@type\":\"Organization\",\"@id\":\"https:\/\/lascrucestoday.com\/lax967\/#organization\",\"name\":\"La Equis 92.7\",\"url\":\"https:\/\/lascrucestoday.com\/lax967\/\",\"logo\":{\"@type\":\"ImageObject\",\"inLanguage\":\"es-MX\",\"@id\":\"https:\/\/lascrucestoday.com\/lax967\/#\/schema\/logo\/image\/\",\"url\":\"https:\/\/lascrucestoday.com\/lax967\/wp-content\/uploads\/sites\/5\/2020\/01\/69552126_690263988157620_6841055056171630592_n.png\",\"contentUrl\":\"https:\/\/lascrucestoday.com\/lax967\/wp-content\/uploads\/sites\/5\/2020\/01\/69552126_690263988157620_6841055056171630592_n.png\",\"width\":960,\"height\":960,\"caption\":\"La Equis 92.7\"},\"image\":{\"@id\":\"https:\/\/lascrucestoday.com\/lax967\/#\/schema\/logo\/image\/\"},\"sameAs\":[\"https:\/\/www.facebook.com\/laequis92.7\"]}]}<\/script>\n<!-- \/ Yoast SEO plugin. -->","yoast_head_json":{"title":"Dias De Dinero - La Equis 96.7","description":"Dias De \u00danase a La Equis 96.7 FM todos los d\u00edas de la semana esta primavera mientras ayudamos a las personas en Las Cruces llegar a fin de mes con algo de dinero extra. Los oyentes tendr\u00e1n la oportunidad de llamar y cu\u00e9ntenos sobre con qu\u00e9 necesitan ayuda, convirti\u00e9ndose en elegibles para recibir un efectivo semanal \u00a1premio!","robots":{"index":"index","follow":"follow","max-snippet":"max-snippet:-1","max-image-preview":"max-image-preview:large","max-video-preview":"max-video-preview:-1"},"canonical":"https:\/\/lascrucestoday.com\/lax967\/dias-de-dinero-2\/","og_locale":"es_MX","og_type":"article","og_title":"Dias De Dinero - La Equis 96.7","og_description":"Dias De \u00danase a La Equis 96.7 FM todos los d\u00edas de la semana esta primavera mientras ayudamos a las personas en Las Cruces llegar a fin de mes con algo de dinero extra. Los oyentes tendr\u00e1n la oportunidad de llamar y cu\u00e9ntenos sobre con qu\u00e9 necesitan ayuda, convirti\u00e9ndose en elegibles para recibir un efectivo semanal \u00a1premio!","og_url":"https:\/\/lascrucestoday.com\/lax967\/dias-de-dinero-2\/","og_site_name":"La Equis 96.7","article_publisher":"https:\/\/www.facebook.com\/laequis92.7","article_modified_time":"2023-04-14T17:16:26+00:00","og_image":[{"width":2700,"height":1080,"url":"https:\/\/lascrucestoday.com\/lax967\/wp-content\/uploads\/sites\/5\/2023\/03\/Dias-de-Dinero.png","type":"image\/png"}],"twitter_card":"summary_large_image","twitter_misc":{"Tiempo de lectura":"1 minuto"},"schema":{"@context":"https:\/\/schema.org","@graph":[{"@type":"WebPage","@id":"https:\/\/lascrucestoday.com\/lax967\/dias-de-dinero-2\/","url":"https:\/\/lascrucestoday.com\/lax967\/dias-de-dinero-2\/","name":"Dias De Dinero - La Equis 96.7","isPartOf":{"@id":"https:\/\/lascrucestoday.com\/lax967\/#website"},"datePublished":"2023-03-27T16:47:43+00:00","dateModified":"2023-04-14T17:16:26+00:00","description":"Dias De \u00danase a La Equis 96.7 FM todos los d\u00edas de la semana esta primavera mientras ayudamos a las personas en Las Cruces llegar a fin de mes con algo de dinero extra. Los oyentes tendr\u00e1n la oportunidad de llamar y cu\u00e9ntenos sobre con qu\u00e9 necesitan ayuda, convirti\u00e9ndose en elegibles para recibir un efectivo semanal \u00a1premio!","breadcrumb":{"@id":"https:\/\/lascrucestoday.com\/lax967\/dias-de-dinero-2\/#breadcrumb"},"inLanguage":"es-MX","potentialAction":[{"@type":"ReadAction","target":["https:\/\/lascrucestoday.com\/lax967\/dias-de-dinero-2\/"]}]},{"@type":"BreadcrumbList","@id":"https:\/\/lascrucestoday.com\/lax967\/dias-de-dinero-2\/#breadcrumb","itemListElement":[{"@type":"ListItem","position":1,"name":"Home","item":"https:\/\/lascrucestoday.com\/lax967\/"},{"@type":"ListItem","position":2,"name":"Dias De Dinero"}]},{"@type":"WebSite","@id":"https:\/\/lascrucestoday.com\/lax967\/#website","url":"https:\/\/lascrucestoday.com\/lax967\/","name":"La Equis 96.7","description":"De Las Cruces, Para Las Cruces","publisher":{"@id":"https:\/\/lascrucestoday.com\/lax967\/#organization"},"potentialAction":[{"@type":"SearchAction","target":{"@type":"EntryPoint","urlTemplate":"https:\/\/lascrucestoday.com\/lax967\/?s={search_term_string}"},"query-input":"required name=search_term_string"}],"inLanguage":"es-MX"},{"@type":"Organization","@id":"https:\/\/lascrucestoday.com\/lax967\/#organization","name":"La Equis 92.7","url":"https:\/\/lascrucestoday.com\/lax967\/","logo":{"@type":"ImageObject","inLanguage":"es-MX","@id":"https:\/\/lascrucestoday.com\/lax967\/#\/schema\/logo\/image\/","url":"https:\/\/lascrucestoday.com\/lax967\/wp-content\/uploads\/sites\/5\/2020\/01\/69552126_690263988157620_6841055056171630592_n.png","contentUrl":"https:\/\/lascrucestoday.com\/lax967\/wp-content\/uploads\/sites\/5\/2020\/01\/69552126_690263988157620_6841055056171630592_n.png","width":960,"height":960,"caption":"La Equis 92.7"},"image":{"@id":"https:\/\/lascrucestoday.com\/lax967\/#\/schema\/logo\/image\/"},"sameAs":["https:\/\/www.facebook.com\/laequis92.7"]}]}},"_links":{"self":[{"href":"https:\/\/lascrucestoday.com\/lax967\/wp-json\/wp\/v2\/pages\/536"}],"collection":[{"href":"https:\/\/lascrucestoday.com\/lax967\/wp-json\/wp\/v2\/pages"}],"about":[{"href":"https:\/\/lascrucestoday.com\/lax967\/wp-json\/wp\/v2\/types\/page"}],"author":[{"embeddable":true,"href":"https:\/\/lascrucestoday.com\/lax967\/wp-json\/wp\/v2\/users\/2"}],"replies":[{"embeddable":true,"href":"https:\/\/lascrucestoday.com\/lax967\/wp-json\/wp\/v2\/comments?post=536"}],"version-history":[{"count":6,"href":"https:\/\/lascrucestoday.com\/lax967\/wp-json\/wp\/v2\/pages\/536\/revisions"}],"predecessor-version":[{"id":566,"href":"https:\/\/lascrucestoday.com\/lax967\/wp-json\/wp\/v2\/pages\/536\/revisions\/566"}],"wp:featuredmedia":[{"embeddable":true,"href":"https:\/\/lascrucestoday.com\/lax967\/wp-json\/wp\/v2\/media\/537"}],"wp:attachment":[{"href":"https:\/\/lascrucestoday.com\/lax967\/wp-json\/wp\/v2\/media?parent=536"}],"curies":[{"name":"wp","href":"https:\/\/api.w.org\/{rel}","templated":true}]}}